{"id":2,"date":"2025-04-28T11:01:40","date_gmt":"2025-04-28T11:01:40","guid":{"rendered":"https:\/\/modaintunisia.tn\/?page_id=2"},"modified":"2025-04-28T23:39:21","modified_gmt":"2025-04-28T23:39:21","slug":"sample-page","status":"publish","type":"page","link":"https:\/\/modaintunisia.tn\/index.php\/sample-page\/","title":{"rendered":"\u00c0 propos"},"content":{"rendered":"\n<p>D\u00e9couvrez l&rsquo;\u00e9l\u00e9gance et la cr\u00e9ativit\u00e9 tunisienne \u00e0 travers notre association d\u00e9di\u00e9e \u00e0 la mode et aux talents locaux.<br>Chez&nbsp;<strong>Moda in Tunisia<\/strong>, nous valorisons l&rsquo;authenticit\u00e9, l&rsquo;innovation et le savoir-faire unique de nos cr\u00e9ateurs.<\/p>\n\n\n\n<p>Plongez dans un univers o\u00f9 tradition et modernit\u00e9 se rencontrent, et explorez des collections exclusives d&rsquo;artistes inspirants et les derni\u00e8res tendances qui fa\u00e7onnent la sc\u00e8ne de la mode tunisienne et internationale.<\/p>\n\n\n\n<p>\u2728&nbsp;<strong>Moda in Tunisia<\/strong>, c\u2019est bien plus qu\u2019un site : c\u2019est une communaut\u00e9 qui c\u00e9l\u00e8bre la beaut\u00e9, l&rsquo;audace et la diversit\u00e9.<\/p>\n\n\n\n<p><\/p>\n\n\n\n<p><strong>Moda\u00a0in\u00a0Tunisia\u00a0est une association culturelle et scientifique qui se consacre au domaine du design de mode, et dont les objectifs sont :<\/strong><\/p>\n\n\n\n<p>&#8211;\u00a0Promouvoir l&rsquo;innovation et la technologie dans le domaine de la mode \u00e0 travers des partenariats entre le milieu acad\u00e9mique et l&rsquo;industrie\u00a0<\/p>\n\n\n\n<p>&#8211;\u00a0Soutenir la recherche scientifique dans le domaine du design\u00a0<\/p>\n\n\n\n<p>&#8211;\u00a0Contribuer \u00e0 l&rsquo;organisation d&rsquo;\u00e9v\u00e9nements, de rencontres, de conf\u00e9rences et de s\u00e9minaires scientifiques et culturels\u00a0<\/p>\n\n\n\n<p>&#8211;\u00a0Organiser des formations professionnelles et scientifiques dans le domaine de la mode<\/p>\n\n\n\n<p><em><strong>Qu&rsquo;est ce que c&rsquo;est l\u2019\u00e9v\u00e9nement<\/strong> <strong>Moda\u00a0in\u00a0tunisia ?<\/strong><\/em><\/p>\n\n\n\n<p>L\u2019objectif de cet \u00e9v\u00e8nement est d\u2019articuler nos visions de l\u2019avenir avec nos projets sur les termes de cr\u00e9ativit\u00e9, de l\u2019entreprenariat culturel et de l\u2019industrie qui repr\u00e9sentent entre autres, les atouts majeurs de la culture d\u2019aujourd\u2019hui et de ses valeurs in\u00e9puisables.<\/p>\n\n\n\n<p>Cet \u00e9v\u00e8nement offrira un lieu de rencontre entre les \u00e9tudiants en design textile\/habillement et les professionnels du domaine dans le but de promouvoir la cr\u00e9ation et l\u2019innovation dans un secteur si important pour l\u2019\u00e9conomie nationale.<\/p>\n\n\n\n<p>\u200bLe comit\u00e9 d&rsquo;organisation est compos\u00e9 de sp\u00e9cialistes de la mode, qui ont montr\u00e9 leur enthousiasme pour partager leurs id\u00e9es et leurs exp\u00e9riences avec les industriels tunisiens et les acteurs du secteur.<\/p>\n\n\n\n<blockquote class=\"wp-block-quote is-layout-flow wp-block-quote-is-layout-flow\">\n<p>Rejoignez-nous dans cette aventure et laissez-vous inspirer !<\/p>\n<\/blockquote>\n","protected":false},"excerpt":{"rendered":"<p>D\u00e9couvrez l&rsquo;\u00e9l\u00e9gance et la cr\u00e9ativit\u00e9 tunisienne \u00e0 travers notre association d\u00e9di\u00e9e \u00e0 la mode et aux talents locaux.Chez&nbsp;Moda in Tunisia, nous valorisons l&rsquo;authenticit\u00e9, l&rsquo;innovation et le savoir-faire unique de nos cr\u00e9ateurs. Plongez dans un univers o\u00f9 tradition et modernit\u00e9 se rencontrent, et explorez des collections exclusives d&rsquo;artistes inspirants et les derni\u00e8res tendances qui fa\u00e7onnent la [&hellip;]<\/p>\n","protected":false},"author":1,"featured_media":0,"parent":0,"menu_order":0,"comment_status":"closed","ping_status":"open","template":"","meta":{"footnotes":""},"class_list":["post-2","page","type-page","status-publish","hentry"],"_links":{"self":[{"href":"https:\/\/modaintunisia.tn\/index.php\/wp-json\/wp\/v2\/pages\/2","targetHints":{"allow":["GET"]}}],"collection":[{"href":"https:\/\/modaintunisia.tn\/index.php\/wp-json\/wp\/v2\/pages"}],"about":[{"href":"https:\/\/modaintunisia.tn\/index.php\/wp-json\/wp\/v2\/types\/page"}],"author":[{"embeddable":true,"href":"https:\/\/modaintunisia.tn\/index.php\/wp-json\/wp\/v2\/users\/1"}],"replies":[{"embeddable":true,"href":"https:\/\/modaintunisia.tn\/index.php\/wp-json\/wp\/v2\/comments?post=2"}],"version-history":[{"count":5,"href":"https:\/\/modaintunisia.tn\/index.php\/wp-json\/wp\/v2\/pages\/2\/revisions"}],"predecessor-version":[{"id":55,"href":"https:\/\/modaintunisia.tn\/index.php\/wp-json\/wp\/v2\/pages\/2\/revisions\/55"}],"wp:attachment":[{"href":"https:\/\/modaintunisia.tn\/index.php\/wp-json\/wp\/v2\/media?parent=2"}],"curies":[{"name":"wp","href":"https:\/\/api.w.org\/{rel}","templated":true}]}}