{"id":27,"date":"2025-04-28T15:17:37","date_gmt":"2025-04-28T15:17:37","guid":{"rendered":"https:\/\/modaintunisia.tn\/?page_id=27"},"modified":"2025-05-07T21:48:00","modified_gmt":"2025-05-07T21:48:00","slug":"gallerie","status":"publish","type":"page","link":"https:\/\/modaintunisia.tn\/index.php\/gallerie\/","title":{"rendered":"Gall\u00e9rie"},"content":{"rendered":"\n<div style=\"height:var(--wp--preset--spacing--50)\" aria-hidden=\"true\" class=\"wp-block-spacer\"><\/div>\n\n\n\n<div class=\"wp-block-group alignwide has-global-padding is-layout-constrained wp-block-group-is-layout-constrained\">\n<h1 class=\"wp-block-heading alignwide has-text-align-center has-medium-font-size\" style=\"line-height:1.2\">Revivez les temps forts de la 2\u1d49 \u00e9dition de&nbsp;<strong>Moda in Tunisia 2023<\/strong>.<br>Cr\u00e9ateurs, styles et inspirations ont illumin\u00e9 la sc\u00e8ne de la mode.<br>Plongez dans une galerie d&rsquo;instants uniques, entre \u00e9l\u00e9gance et innovation.<\/h1>\n<\/div>\n\n\n\n<div class=\"wp-block-group alignfull has-global-padding is-layout-constrained wp-container-core-group-is-layout-b25ccd55 wp-block-group-is-layout-constrained\" style=\"margin-top:0;margin-bottom:0;padding-top:var(--wp--preset--spacing--50);padding-right:var(--wp--preset--spacing--50);padding-bottom:var(--wp--preset--spacing--50);padding-left:var(--wp--preset--spacing--50)\">\n<div class=\"wp-block-columns alignwide is-layout-flex wp-container-core-columns-is-layout-ff4b9c61 wp-block-columns-is-layout-flex\" style=\"margin-top:0;margin-bottom:0\">\n<div class=\"wp-block-column is-layout-flow wp-container-core-column-is-layout-8a368f38 wp-block-column-is-layout-flow\">\n<figure class=\"wp-block-image size-large is-style-rounded is-style-rounded--1\"><img loading=\"lazy\" decoding=\"async\" width=\"1024\" height=\"683\" src=\"https:\/\/modaintunisia.tn\/wp-content\/uploads\/2025\/05\/474183889_598720892803737_676510431996188197_n-1024x683.jpg\" alt=\"\" class=\"wp-image-94\" style=\"aspect-ratio:4\/3;object-fit:cover\" srcset=\"https:\/\/modaintunisia.tn\/wp-content\/uploads\/2025\/05\/474183889_598720892803737_676510431996188197_n-1024x683.jpg 1024w, https:\/\/modaintunisia.tn\/wp-content\/uploads\/2025\/05\/474183889_598720892803737_676510431996188197_n-300x200.jpg 300w, https:\/\/modaintunisia.tn\/wp-content\/uploads\/2025\/05\/474183889_598720892803737_676510431996188197_n-768x512.jpg 768w, https:\/\/modaintunisia.tn\/wp-content\/uploads\/2025\/05\/474183889_598720892803737_676510431996188197_n-1536x1024.jpg 1536w, https:\/\/modaintunisia.tn\/wp-content\/uploads\/2025\/05\/474183889_598720892803737_676510431996188197_n.jpg 2048w\" sizes=\"auto, (max-width: 1024px) 100vw, 1024px\" \/><\/figure>\n\n\n\n<div style=\"height:var(--wp--preset--spacing--50)\" aria-hidden=\"true\" class=\"wp-block-spacer\"><\/div>\n\n\n\n<figure class=\"wp-block-image size-large is-style-rounded is-style-rounded--2\"><img loading=\"lazy\" decoding=\"async\" width=\"683\" height=\"1024\" src=\"https:\/\/modaintunisia.tn\/wp-content\/uploads\/2025\/05\/474113240_598720652803761_6052512699248928547_n-683x1024.jpg\" alt=\"\" class=\"wp-image-90\" style=\"aspect-ratio:3\/4;object-fit:cover\" srcset=\"https:\/\/modaintunisia.tn\/wp-content\/uploads\/2025\/05\/474113240_598720652803761_6052512699248928547_n-683x1024.jpg 683w, https:\/\/modaintunisia.tn\/wp-content\/uploads\/2025\/05\/474113240_598720652803761_6052512699248928547_n-200x300.jpg 200w, https:\/\/modaintunisia.tn\/wp-content\/uploads\/2025\/05\/474113240_598720652803761_6052512699248928547_n-768x1152.jpg 768w, https:\/\/modaintunisia.tn\/wp-content\/uploads\/2025\/05\/474113240_598720652803761_6052512699248928547_n-1024x1536.jpg 1024w, https:\/\/modaintunisia.tn\/wp-content\/uploads\/2025\/05\/474113240_598720652803761_6052512699248928547_n.jpg 1365w\" sizes=\"auto, (max-width: 683px) 100vw, 683px\" \/><\/figure>\n\n\n\n<div style=\"height:var(--wp--preset--spacing--50)\" aria-hidden=\"true\" class=\"wp-block-spacer\"><\/div>\n\n\n\n<figure class=\"wp-block-image size-large is-style-rounded is-style-rounded--3\"><img loading=\"lazy\" decoding=\"async\" width=\"1024\" height=\"683\" src=\"https:\/\/modaintunisia.tn\/wp-content\/uploads\/2025\/05\/473997206_598721032803723_2195253414833007446_n-1024x683.jpg\" alt=\"\" class=\"wp-image-105\" style=\"aspect-ratio:3\/4;object-fit:cover\" srcset=\"https:\/\/modaintunisia.tn\/wp-content\/uploads\/2025\/05\/473997206_598721032803723_2195253414833007446_n-1024x683.jpg 1024w, https:\/\/modaintunisia.tn\/wp-content\/uploads\/2025\/05\/473997206_598721032803723_2195253414833007446_n-300x200.jpg 300w, https:\/\/modaintunisia.tn\/wp-content\/uploads\/2025\/05\/473997206_598721032803723_2195253414833007446_n-768x512.jpg 768w, https:\/\/modaintunisia.tn\/wp-content\/uploads\/2025\/05\/473997206_598721032803723_2195253414833007446_n-1536x1024.jpg 1536w, https:\/\/modaintunisia.tn\/wp-content\/uploads\/2025\/05\/473997206_598721032803723_2195253414833007446_n.jpg 2048w\" sizes=\"auto, (max-width: 1024px) 100vw, 1024px\" \/><\/figure>\n<\/div>\n\n\n\n<div class=\"wp-block-column is-layout-flow wp-container-core-column-is-layout-8a368f38 wp-block-column-is-layout-flow\">\n<div style=\"height:var(--wp--preset--spacing--50)\" aria-hidden=\"true\" class=\"wp-block-spacer\"><\/div>\n\n\n\n<figure class=\"wp-block-image size-large is-style-rounded is-style-rounded--4\"><img loading=\"lazy\" decoding=\"async\" width=\"1024\" height=\"683\" src=\"https:\/\/modaintunisia.tn\/wp-content\/uploads\/2025\/05\/474078213_598721136137046_2120819713513740780_n-1024x683.jpg\" alt=\"\" class=\"wp-image-93\" style=\"aspect-ratio:3\/4;object-fit:cover\" srcset=\"https:\/\/modaintunisia.tn\/wp-content\/uploads\/2025\/05\/474078213_598721136137046_2120819713513740780_n-1024x683.jpg 1024w, https:\/\/modaintunisia.tn\/wp-content\/uploads\/2025\/05\/474078213_598721136137046_2120819713513740780_n-300x200.jpg 300w, https:\/\/modaintunisia.tn\/wp-content\/uploads\/2025\/05\/474078213_598721136137046_2120819713513740780_n-768x512.jpg 768w, https:\/\/modaintunisia.tn\/wp-content\/uploads\/2025\/05\/474078213_598721136137046_2120819713513740780_n-1536x1024.jpg 1536w, https:\/\/modaintunisia.tn\/wp-content\/uploads\/2025\/05\/474078213_598721136137046_2120819713513740780_n.jpg 2048w\" sizes=\"auto, (max-width: 1024px) 100vw, 1024px\" \/><\/figure>\n\n\n\n<div style=\"height:var(--wp--preset--spacing--50)\" aria-hidden=\"true\" class=\"wp-block-spacer\"><\/div>\n\n\n\n<figure class=\"wp-block-image size-large is-style-rounded is-style-rounded--5\"><img loading=\"lazy\" decoding=\"async\" width=\"1024\" height=\"683\" src=\"https:\/\/modaintunisia.tn\/wp-content\/uploads\/2025\/05\/474261009_598720716137088_182777261674112540_n-1024x683.jpg\" alt=\"\" class=\"wp-image-98\" style=\"aspect-ratio:1;object-fit:cover\" srcset=\"https:\/\/modaintunisia.tn\/wp-content\/uploads\/2025\/05\/474261009_598720716137088_182777261674112540_n-1024x683.jpg 1024w, https:\/\/modaintunisia.tn\/wp-content\/uploads\/2025\/05\/474261009_598720716137088_182777261674112540_n-300x200.jpg 300w, https:\/\/modaintunisia.tn\/wp-content\/uploads\/2025\/05\/474261009_598720716137088_182777261674112540_n-768x512.jpg 768w, https:\/\/modaintunisia.tn\/wp-content\/uploads\/2025\/05\/474261009_598720716137088_182777261674112540_n-1536x1024.jpg 1536w, https:\/\/modaintunisia.tn\/wp-content\/uploads\/2025\/05\/474261009_598720716137088_182777261674112540_n.jpg 2048w\" sizes=\"auto, (max-width: 1024px) 100vw, 1024px\" \/><\/figure>\n\n\n\n<div style=\"height:var(--wp--preset--spacing--50)\" aria-hidden=\"true\" class=\"wp-block-spacer\"><\/div>\n\n\n\n<figure class=\"wp-block-image size-large is-style-rounded is-style-rounded--6\"><img loading=\"lazy\" decoding=\"async\" width=\"1024\" height=\"683\" src=\"https:\/\/modaintunisia.tn\/wp-content\/uploads\/2025\/05\/474331915_598721082803718_40608863256520205_n-1024x683.jpg\" alt=\"\" class=\"wp-image-100\" style=\"aspect-ratio:1;object-fit:cover\" srcset=\"https:\/\/modaintunisia.tn\/wp-content\/uploads\/2025\/05\/474331915_598721082803718_40608863256520205_n-1024x683.jpg 1024w, https:\/\/modaintunisia.tn\/wp-content\/uploads\/2025\/05\/474331915_598721082803718_40608863256520205_n-300x200.jpg 300w, https:\/\/modaintunisia.tn\/wp-content\/uploads\/2025\/05\/474331915_598721082803718_40608863256520205_n-768x512.jpg 768w, https:\/\/modaintunisia.tn\/wp-content\/uploads\/2025\/05\/474331915_598721082803718_40608863256520205_n-1536x1024.jpg 1536w, https:\/\/modaintunisia.tn\/wp-content\/uploads\/2025\/05\/474331915_598721082803718_40608863256520205_n.jpg 2048w\" sizes=\"auto, (max-width: 1024px) 100vw, 1024px\" \/><\/figure>\n<\/div>\n\n\n\n<div class=\"wp-block-column is-layout-flow wp-container-core-column-is-layout-8a368f38 wp-block-column-is-layout-flow\">\n<figure class=\"wp-block-image size-large is-resized is-style-rounded is-style-rounded--7\"><img loading=\"lazy\" decoding=\"async\" width=\"683\" height=\"1024\" src=\"https:\/\/modaintunisia.tn\/wp-content\/uploads\/2025\/05\/474210024_598720669470426_3034632278652142139_n-683x1024.jpg\" alt=\"\" class=\"wp-image-99\" style=\"aspect-ratio:0.75;object-fit:cover;width:217px;height:auto\" srcset=\"https:\/\/modaintunisia.tn\/wp-content\/uploads\/2025\/05\/474210024_598720669470426_3034632278652142139_n-683x1024.jpg 683w, https:\/\/modaintunisia.tn\/wp-content\/uploads\/2025\/05\/474210024_598720669470426_3034632278652142139_n-200x300.jpg 200w, https:\/\/modaintunisia.tn\/wp-content\/uploads\/2025\/05\/474210024_598720669470426_3034632278652142139_n-768x1152.jpg 768w, https:\/\/modaintunisia.tn\/wp-content\/uploads\/2025\/05\/474210024_598720669470426_3034632278652142139_n-1024x1536.jpg 1024w, https:\/\/modaintunisia.tn\/wp-content\/uploads\/2025\/05\/474210024_598720669470426_3034632278652142139_n.jpg 1365w\" sizes=\"auto, (max-width: 683px) 100vw, 683px\" \/><\/figure>\n\n\n\n<div style=\"height:var(--wp--preset--spacing--50)\" aria-hidden=\"true\" class=\"wp-block-spacer\"><\/div>\n\n\n\n<figure class=\"wp-block-image size-large is-style-rounded is-style-rounded--8\"><img loading=\"lazy\" decoding=\"async\" width=\"683\" height=\"1024\" src=\"https:\/\/modaintunisia.tn\/wp-content\/uploads\/2025\/05\/474478267_598721069470386_7256880666339537471_n-683x1024.jpg\" alt=\"\" class=\"wp-image-91\" style=\"aspect-ratio:3\/4;object-fit:cover\" srcset=\"https:\/\/modaintunisia.tn\/wp-content\/uploads\/2025\/05\/474478267_598721069470386_7256880666339537471_n-683x1024.jpg 683w, https:\/\/modaintunisia.tn\/wp-content\/uploads\/2025\/05\/474478267_598721069470386_7256880666339537471_n-200x300.jpg 200w, https:\/\/modaintunisia.tn\/wp-content\/uploads\/2025\/05\/474478267_598721069470386_7256880666339537471_n-768x1152.jpg 768w, https:\/\/modaintunisia.tn\/wp-content\/uploads\/2025\/05\/474478267_598721069470386_7256880666339537471_n-1024x1536.jpg 1024w, https:\/\/modaintunisia.tn\/wp-content\/uploads\/2025\/05\/474478267_598721069470386_7256880666339537471_n.jpg 1365w\" sizes=\"auto, (max-width: 683px) 100vw, 683px\" \/><\/figure>\n\n\n\n<div style=\"height:var(--wp--preset--spacing--50)\" aria-hidden=\"true\" class=\"wp-block-spacer\"><\/div>\n\n\n\n<figure class=\"wp-block-image size-large is-style-rounded is-style-rounded--9\"><img loading=\"lazy\" decoding=\"async\" width=\"1024\" height=\"683\" src=\"https:\/\/modaintunisia.tn\/wp-content\/uploads\/2025\/05\/474585660_598721116137048_352591310103741056_n-1024x683.jpg\" alt=\"\" class=\"wp-image-102\" style=\"aspect-ratio:16\/9;object-fit:cover\" srcset=\"https:\/\/modaintunisia.tn\/wp-content\/uploads\/2025\/05\/474585660_598721116137048_352591310103741056_n-1024x683.jpg 1024w, https:\/\/modaintunisia.tn\/wp-content\/uploads\/2025\/05\/474585660_598721116137048_352591310103741056_n-300x200.jpg 300w, https:\/\/modaintunisia.tn\/wp-content\/uploads\/2025\/05\/474585660_598721116137048_352591310103741056_n-768x512.jpg 768w, https:\/\/modaintunisia.tn\/wp-content\/uploads\/2025\/05\/474585660_598721116137048_352591310103741056_n-1536x1024.jpg 1536w, https:\/\/modaintunisia.tn\/wp-content\/uploads\/2025\/05\/474585660_598721116137048_352591310103741056_n.jpg 2048w\" sizes=\"auto, (max-width: 1024px) 100vw, 1024px\" \/><\/figure>\n<\/div>\n\n\n\n<div class=\"wp-block-column is-layout-flow wp-container-core-column-is-layout-8a368f38 wp-block-column-is-layout-flow\">\n<div style=\"height:var(--wp--preset--spacing--50)\" aria-hidden=\"true\" class=\"wp-block-spacer\"><\/div>\n\n\n\n<figure class=\"wp-block-image size-large is-style-rounded is-style-rounded--10\"><img loading=\"lazy\" decoding=\"async\" width=\"1024\" height=\"683\" src=\"https:\/\/modaintunisia.tn\/wp-content\/uploads\/2025\/05\/474194511_598720649470428_3356166473877777699_n-1024x683.jpg\" alt=\"\" class=\"wp-image-95\" style=\"aspect-ratio:1;object-fit:cover\" srcset=\"https:\/\/modaintunisia.tn\/wp-content\/uploads\/2025\/05\/474194511_598720649470428_3356166473877777699_n-1024x683.jpg 1024w, https:\/\/modaintunisia.tn\/wp-content\/uploads\/2025\/05\/474194511_598720649470428_3356166473877777699_n-300x200.jpg 300w, https:\/\/modaintunisia.tn\/wp-content\/uploads\/2025\/05\/474194511_598720649470428_3356166473877777699_n-768x512.jpg 768w, https:\/\/modaintunisia.tn\/wp-content\/uploads\/2025\/05\/474194511_598720649470428_3356166473877777699_n-1536x1024.jpg 1536w, https:\/\/modaintunisia.tn\/wp-content\/uploads\/2025\/05\/474194511_598720649470428_3356166473877777699_n.jpg 2048w\" sizes=\"auto, (max-width: 1024px) 100vw, 1024px\" \/><\/figure>\n\n\n\n<div style=\"height:var(--wp--preset--spacing--50)\" aria-hidden=\"true\" class=\"wp-block-spacer\"><\/div>\n\n\n\n<figure class=\"wp-block-image size-large is-style-rounded is-style-rounded--11\"><img loading=\"lazy\" decoding=\"async\" width=\"1024\" height=\"683\" src=\"https:\/\/modaintunisia.tn\/wp-content\/uploads\/2025\/05\/474441319_598721129470380_4624835252868139073_n-1024x683.jpg\" alt=\"\" class=\"wp-image-97\" style=\"aspect-ratio:16\/9;object-fit:cover\" srcset=\"https:\/\/modaintunisia.tn\/wp-content\/uploads\/2025\/05\/474441319_598721129470380_4624835252868139073_n-1024x683.jpg 1024w, https:\/\/modaintunisia.tn\/wp-content\/uploads\/2025\/05\/474441319_598721129470380_4624835252868139073_n-300x200.jpg 300w, https:\/\/modaintunisia.tn\/wp-content\/uploads\/2025\/05\/474441319_598721129470380_4624835252868139073_n-768x512.jpg 768w, https:\/\/modaintunisia.tn\/wp-content\/uploads\/2025\/05\/474441319_598721129470380_4624835252868139073_n-1536x1024.jpg 1536w, https:\/\/modaintunisia.tn\/wp-content\/uploads\/2025\/05\/474441319_598721129470380_4624835252868139073_n.jpg 2048w\" sizes=\"auto, (max-width: 1024px) 100vw, 1024px\" \/><\/figure>\n\n\n\n<div style=\"height:var(--wp--preset--spacing--50)\" aria-hidden=\"true\" class=\"wp-block-spacer\"><\/div>\n\n\n\n<figure class=\"wp-block-image size-large is-style-rounded is-style-rounded--12\"><img loading=\"lazy\" decoding=\"async\" width=\"1024\" height=\"683\" src=\"https:\/\/modaintunisia.tn\/wp-content\/uploads\/2025\/05\/474364827_598720676137092_7529177868200833348_n-1024x683.jpg\" alt=\"\" class=\"wp-image-101\" style=\"aspect-ratio:9\/16;object-fit:cover\" srcset=\"https:\/\/modaintunisia.tn\/wp-content\/uploads\/2025\/05\/474364827_598720676137092_7529177868200833348_n-1024x683.jpg 1024w, https:\/\/modaintunisia.tn\/wp-content\/uploads\/2025\/05\/474364827_598720676137092_7529177868200833348_n-300x200.jpg 300w, https:\/\/modaintunisia.tn\/wp-content\/uploads\/2025\/05\/474364827_598720676137092_7529177868200833348_n-768x512.jpg 768w, https:\/\/modaintunisia.tn\/wp-content\/uploads\/2025\/05\/474364827_598720676137092_7529177868200833348_n-1536x1024.jpg 1536w, https:\/\/modaintunisia.tn\/wp-content\/uploads\/2025\/05\/474364827_598720676137092_7529177868200833348_n.jpg 2048w\" sizes=\"auto, (max-width: 1024px) 100vw, 1024px\" \/><\/figure>\n<\/div>\n<\/div>\n<\/div>\n","protected":false},"excerpt":{"rendered":"<p>Revivez les temps forts de la 2\u1d49 \u00e9dition de&nbsp;Moda in Tunisia 2023.Cr\u00e9ateurs, styles et inspirations ont illumin\u00e9 la sc\u00e8ne de la mode.Plongez dans une galerie d&rsquo;instants uniques, entre \u00e9l\u00e9gance et innovation.<\/p>\n","protected":false},"author":1,"featured_media":0,"parent":0,"menu_order":0,"comment_status":"closed","ping_status":"closed","template":"","meta":{"footnotes":""},"class_list":["post-27","page","type-page","status-publish","hentry"],"_links":{"self":[{"href":"https:\/\/modaintunisia.tn\/index.php\/wp-json\/wp\/v2\/pages\/27","targetHints":{"allow":["GET"]}}],"collection":[{"href":"https:\/\/modaintunisia.tn\/index.php\/wp-json\/wp\/v2\/pages"}],"about":[{"href":"https:\/\/modaintunisia.tn\/index.php\/wp-json\/wp\/v2\/types\/page"}],"author":[{"embeddable":true,"href":"https:\/\/modaintunisia.tn\/index.php\/wp-json\/wp\/v2\/users\/1"}],"replies":[{"embeddable":true,"href":"https:\/\/modaintunisia.tn\/index.php\/wp-json\/wp\/v2\/comments?post=27"}],"version-history":[{"count":4,"href":"https:\/\/modaintunisia.tn\/index.php\/wp-json\/wp\/v2\/pages\/27\/revisions"}],"predecessor-version":[{"id":106,"href":"https:\/\/modaintunisia.tn\/index.php\/wp-json\/wp\/v2\/pages\/27\/revisions\/106"}],"wp:attachment":[{"href":"https:\/\/modaintunisia.tn\/index.php\/wp-json\/wp\/v2\/media?parent=27"}],"curies":[{"name":"wp","href":"https:\/\/api.w.org\/{rel}","templated":true}]}}